{"id":44398,"date":"2025-03-11T11:36:56","date_gmt":"2025-03-11T11:36:56","guid":{"rendered":"https:\/\/brooklands.credesgo.com\/trosolwg-o-gyfleusterau\/"},"modified":"2025-05-08T11:23:54","modified_gmt":"2025-05-08T11:23:54","slug":"trosolwg-o-gyfleusterau","status":"publish","type":"page","link":"https:\/\/brooklands.credesgo.com\/cy\/trosolwg-o-gyfleusterau\/","title":{"rendered":"Trosolwg o Gyfleusterau"},"content":{"rendered":"\t\t<div data-elementor-type=\"wp-page\" data-elementor-id=\"44398\" class=\"elementor elementor-44398 elementor-43237\">\n\t\t\t\t<div class=\"elementor-element elementor-element-995a52d e-con-full e-flex cmsmasters-bg-hide-none cmsmasters-bg-hide-none cmsmasters-block-default e-con e-parent\" data-id=\"995a52d\" data-element_type=\"container\" data-e-type=\"container\" data-settings=\"{&quot;background_background&quot;:&quot;classic&quot;}\">\n\t\t\t\t<\/div>\n\t\t<div class=\"elementor-element elementor-element-4916dfc e-flex e-con-boxed cmsmasters-block-default e-con e-parent\" data-id=\"4916dfc\" data-element_type=\"container\" data-e-type=\"container\">\n\t\t\t\t\t<div class=\"e-con-inner\">\n\t\t\t\t<div class=\"elementor-element elementor-element-5dbe5df cmsmasters-block-default cmsmasters-sticky-default elementor-invisible elementor-widget elementor-widget-heading\" data-id=\"5dbe5df\" data-element_type=\"widget\" data-e-type=\"widget\" data-settings=\"{&quot;_animation&quot;:&quot;fadeInUp&quot;}\" data-widget_type=\"heading.default\">\n\t\t\t\t<div class=\"elementor-widget-container\">\n\t\t\t\t\t<h2 class=\"elementor-heading-title elementor-size-default\">Ein Cyfleusterau<\/h2>\t\t\t\t<\/div>\n\t\t\t\t<\/div>\n\t\t\t\t<div class=\"elementor-element elementor-element-617552e cmsmasters-block-default cmsmasters-sticky-default elementor-invisible elementor-widget elementor-widget-text-editor\" data-id=\"617552e\" data-element_type=\"widget\" data-e-type=\"widget\" data-settings=\"{&quot;_animation&quot;:&quot;fadeInUp&quot;}\" data-widget_type=\"text-editor.default\">\n\t\t\t\t<div class=\"elementor-widget-container\">\n\t\t\t\t\t\t\t\t\t<p><span style=\"font-family: Arial, sans-serif;\">Mae Brooklands yn gartref pwrpasol, modern, ac wedi&#8217;i gynllunio&#8217;n feddylgar, sy&#8217;n cynnig cyfleusterau o&#8217;r radd flaenaf wedi&#8217;u teilwra i ddiwallu anghenion amrywiol ein preswylwyr. Mae pob agwedd ar yr adeilad wedi&#8217;i chynllunio&#8217;n ofalus i ddarparu amgylchedd cyfforddus, diogel a chefnogol, gan ein helpu i ddarparu&#8217;r safon gofal uchaf tra hefyd yn annog annibyniaeth a chyflawniad personol. <\/span><\/p><p><span style=\"font-family: Arial, sans-serif;\">Mae ein mannau sydd wedi&#8217;u cyfarparu&#8217;n dda yn caniat\u00e1u i breswylwyr fwynhau ystod eang o hamdden a hob\u00efau, gyda phob cyfle yn cael ei ddarparu i aros yn egn\u00efol, yn ymgysylltu, ac wedi&#8217;u grymuso ym mywyd beunyddiol.<\/span><\/p><p><span style=\"font-family: Arial, sans-serif;\">Wedi&#8217;i leoli mewn lleoliad gwledig heddychlon, mae Brooklands yn cynnig y gorau o&#8217;r ddau fyd\u2014llonyddwch a hygyrchedd hawdd. Rydym yn ffodus i fod o fewn pellter byr i ddau o drefi glan m\u00f4r harddaf Sir Benfro, Saundersfoot a Dinbych-y-pysgod. Mae&#8217;r mannau arfordirol godidog hyn yn gyrchfannau poblogaidd ar gyfer ein teithiau rheolaidd, gan ddarparu awyr iach, golygfeydd godidog, a phrofiadau codi calon sy&#8217;n ategu&#8217;n rhaglen weithgareddau ddyddiol fywiog yn berffaith.  <\/span><\/p><h5 style=\"text-align: center;\"><em><span style=\"font-family: Arial, sans-serif;\">Yn Brooklands, credwn y dylai lle rydych chi&#8217;n byw deimlo fel cartref\u2014ac mae ein cyfleusterau wedi&#8217;u cynllunio i wneud yn union hynny.<\/span><\/em><\/h5>\t\t\t\t\t\t\t\t<\/div>\n\t\t\t\t<\/div>\n\t\t\t\t<div class=\"elementor-element elementor-element-5d83d4a cmsmasters-block-default cmsmasters-sticky-default elementor-widget elementor-widget-cmsmasters-gallery\" data-id=\"5d83d4a\" data-element_type=\"widget\" data-e-type=\"widget\" data-settings=\"{&quot;gallery_layout&quot;:&quot;grid&quot;,&quot;columns&quot;:3,&quot;image_hover_animation&quot;:&quot;grow&quot;,&quot;link_to&quot;:&quot;file&quot;,&quot;columns_tablet&quot;:2,&quot;columns_mobile&quot;:1,&quot;gap&quot;:{&quot;unit&quot;:&quot;px&quot;,&quot;size&quot;:10,&quot;sizes&quot;:[]},&quot;gap_widescreen&quot;:{&quot;unit&quot;:&quot;px&quot;,&quot;size&quot;:&quot;&quot;,&quot;sizes&quot;:[]},&quot;gap_tablet&quot;:{&quot;unit&quot;:&quot;px&quot;,&quot;size&quot;:10,&quot;sizes&quot;:[]},&quot;gap_mobile&quot;:{&quot;unit&quot;:&quot;px&quot;,&quot;size&quot;:10,&quot;sizes&quot;:[]},&quot;vertical_gap&quot;:{&quot;unit&quot;:&quot;px&quot;,&quot;size&quot;:&quot;&quot;,&quot;sizes&quot;:[]},&quot;vertical_gap_widescreen&quot;:{&quot;unit&quot;:&quot;px&quot;,&quot;size&quot;:&quot;&quot;,&quot;sizes&quot;:[]},&quot;vertical_gap_tablet&quot;:{&quot;unit&quot;:&quot;px&quot;,&quot;size&quot;:&quot;&quot;,&quot;sizes&quot;:[]},&quot;vertical_gap_mobile&quot;:{&quot;unit&quot;:&quot;px&quot;,&quot;size&quot;:&quot;&quot;,&quot;sizes&quot;:[]},&quot;aspect_ratio&quot;:&quot;3:2&quot;}\" data-widget_type=\"cmsmasters-gallery.default\">\n\t\t\t\t<div class=\"elementor-widget-container\">\n\t\t\t\t\t<div class=\"elementor-widget-cmsmasters-gallery__container\"><a class=\"e-gallery-item elementor-widget-cmsmasters-gallery__item elementor-widget-cmsmasters-gallery__animated-content\" data-elementor-lightbox-slideshow=\"5d83d4a\" href=\"https:\/\/brooklands.credesgo.com\/wp-content\/uploads\/2025\/03\/facilities02.jpg\"><div alt=\"\" class=\"e-gallery-image elementor-widget-cmsmasters-gallery__item-image\" data-thumbnail=\"https:\/\/brooklands.credesgo.com\/wp-content\/uploads\/2025\/03\/facilities02.jpg\" data-width=\"400\" data-height=\"300\"><\/div><\/a><a class=\"e-gallery-item elementor-widget-cmsmasters-gallery__item elementor-widget-cmsmasters-gallery__animated-content\" data-elementor-lightbox-slideshow=\"5d83d4a\" href=\"https:\/\/brooklands.credesgo.com\/wp-content\/uploads\/2025\/03\/facilities01.jpg\"><div alt=\"\" class=\"e-gallery-image elementor-widget-cmsmasters-gallery__item-image\" data-thumbnail=\"https:\/\/brooklands.credesgo.com\/wp-content\/uploads\/2025\/03\/facilities01.jpg\" data-width=\"400\" data-height=\"300\"><\/div><\/a><a class=\"e-gallery-item elementor-widget-cmsmasters-gallery__item elementor-widget-cmsmasters-gallery__animated-content\" data-elementor-lightbox-slideshow=\"5d83d4a\" href=\"https:\/\/brooklands.credesgo.com\/wp-content\/uploads\/2025\/03\/facilities03.jpg\"><div alt=\"\" class=\"e-gallery-image elementor-widget-cmsmasters-gallery__item-image\" data-thumbnail=\"https:\/\/brooklands.credesgo.com\/wp-content\/uploads\/2025\/03\/facilities03.jpg\" data-width=\"400\" data-height=\"300\"><\/div><\/a><\/div>\t\t\t\t<\/div>\n\t\t\t\t<\/div>\n\t\t\t\t\t<\/div>\n\t\t\t\t<\/div>\n\t\t<div class=\"elementor-element elementor-element-715765f e-flex e-con-boxed cmsmasters-block-default e-con e-parent\" data-id=\"715765f\" data-element_type=\"container\" data-e-type=\"container\" data-settings=\"{&quot;background_background&quot;:&quot;classic&quot;}\">\n\t\t\t\t\t<div class=\"e-con-inner\">\n\t\t\t\t<div class=\"elementor-element elementor-element-3be54be cmsmasters-block-default cmsmasters-sticky-default elementor-invisible elementor-widget elementor-widget-heading\" data-id=\"3be54be\" data-element_type=\"widget\" data-e-type=\"widget\" data-settings=\"{&quot;_animation&quot;:&quot;fadeInUp&quot;}\" data-widget_type=\"heading.default\">\n\t\t\t\t<div class=\"elementor-widget-container\">\n\t\t\t\t\t<h2 class=\"elementor-heading-title elementor-size-default\">Dysgwch Fwy Am Ein...<\/h2>\t\t\t\t<\/div>\n\t\t\t\t<\/div>\n\t\t<div class=\"elementor-element elementor-element-7b07c97 e-grid e-con-full cmsmasters-block-default e-con e-child\" data-id=\"7b07c97\" data-element_type=\"container\" data-e-type=\"container\">\n\t\t\t\t<div class=\"elementor-element elementor-element-356825e elementor-widget__width-inherit cmsmasters-featured-box__graphic-align-center cmsmasters-featured-box__graphic-position-column cmsmasters-featured-box__graphic-position-tablet-column cmsmasters-featured-box__graphic-position-mobile-column cmsmasters-featured-box__both cmsmasters-featured-box__text-valign-middle cmsmasters-block-default cmsmasters-sticky-default elementor-invisible elementor-widget elementor-widget-cmsmasters-featured-box\" data-id=\"356825e\" data-element_type=\"widget\" data-e-type=\"widget\" data-settings=\"{&quot;_animation&quot;:&quot;fadeInUp&quot;}\" data-widget_type=\"cmsmasters-featured-box.default\">\n\t\t\t\t<div class=\"elementor-widget-container\">\n\t\t\t\t\t<a href=\"https:\/\/brooklands.credesgo.com\/rooms\/\" class=\"elementor-widget-cmsmasters-featured-box__wrapper\"><div class=\"elementor-widget-cmsmasters-featured-box__content\">\n\t\t\t\t<div class=\"elementor-widget-cmsmasters-featured-box__content-vertical-inner\"><div class=\"elementor-widget-cmsmasters-featured-box__graphic-wrapper elementor-widget-cmsmasters-featured-box__content-item elementor-widget-cmsmasters-featured-box__icon\"><h4 class=\"elementor-widget-cmsmasters-featured-box__title elementor-widget-cmsmasters-featured-box__content-item\">Ystafelloedd<\/h4><div class=\"elementor-widget-cmsmasters-featured-box__icon-wrap elementor-widget-cmsmasters-featured-box__graphic-item\"><svg xmlns=\"http:\/\/www.w3.org\/2000\/svg\" id=\"Layer_2\" data-name=\"Layer 2\" viewBox=\"0 0 363.45 254.04\"><defs><style>      .cls-1 {        fill: #21536f;        stroke: #21536f;        stroke-miterlimit: 10;        stroke-width: 5px;      }    <\/style><\/defs><g id=\"Layer_1-2\" data-name=\"Layer 1\"><g><path class=\"cls-1\" d=\"M74.77,34.49l142.77-.19c9.61.88,19.24,8.56,20.53,18.4.88,6.71-1.4,19.84.21,25.24.34,1.14,4.64,5.61,5.71,7.77,3.38,6.86,4.2,16.35-1.35,22.33,11.41,7.84,23.28,15.42,33.32,25.05,8.32,7.98,13.71,15.32,14.61,27.31,2.06,27.54-1.63,57.59,0,85.4.07,1.56-.55,3.96-1.85,4.88-1.41,1-18.89,1.15-20.64.32-2.38-1.13-3.01-8.95-3.95-11.77-4.39-13.05-13.34-23.96-27.83-25.32l-181.11.1c-11,2.3-19.77,10.75-24,20.91-1.45,3.48-3.33,14.56-5.21,15.75s-19.44,1.16-21.06,0c-1.3-.92-1.92-3.32-1.85-4.88,1.43-27.47-1.78-56.64,0-83.91.81-12.38,4.97-19.19,13.5-27.67,10.07-10.01,22.39-17.89,34.12-25.8-4.05-6.69-4.62-13.12-1.82-20.5,1.28-3.37,6.27-8.74,6.62-10.59,1.15-6.05-.59-15.8-.01-22.47.91-10.55,8.95-18.71,19.31-20.36ZM229.89,73.22v-19.09c0-.33-1.94-4.46-2.37-5.12-2.59-3.99-6.84-5.98-11.49-6.47-44.6,2.48-92.83-3.33-137.01-.04-5.38.4-9.88,1.8-12.95,6.51-.43.66-2.37,4.79-2.37,5.12v19.09c4.94-1.61,10.13-3.3,15.36-3.73,11.56-.95,36.61-1.3,47.81.07,5.3.65,10.56,3.83,14.69,7.02,1.85.59,4.24,6.74,5.6,6.38.34-.09,2.66-4.14,3.38-4.86,3.72-3.72,10.89-7.89,16.17-8.53,11.24-1.37,36.23-1.02,47.81-.07,4.99.41,10.64,2.06,15.36,3.73ZM142.32,103.91v-10.85c0-6.1-10.63-14.01-16.43-15.01-9.37-1.61-35.21-1.12-45.23-.24-11.21.98-24.96,5.57-25.23,18.99-.05,2.39,1.47,7.11,4.17,7.11h82.71ZM151.3,103.91h82.71c2.74,0,4.18-4.74,4.18-7.11,0-7.52-5.14-13.23-11.84-15.91-10.97-4.39-43.48-4.28-55.99-3.2-13.61,1.18-20.94,13.25-19.06,26.23ZM12.07,172.78h269.1c2.33,0,.65-14.39.17-16.64-3.61-16.92-34.48-35.18-48.79-43.64l-171.91.04c-10.67,5.61-48.56,31.4-48.56,43.4v16.84ZM282.29,181.01H12.07v24.7h270.22v-24.7ZM36.02,213.95H12.07v29.19l8.2-.03c1.42-11.39,7.7-21.33,15.75-29.16ZM282.29,213.95h-24.7c.67,1.25,2.21,1.7,3.39,2.98,6.19,6.69,11.37,17.19,12.34,26.21h8.98s0-29.19,0-29.19Z\"><\/path><g><path class=\"cls-1\" d=\"M309.24,58.25v29.94h47.53c1.42,0,4.58,3.76,4.13,5.6l.02,105.6c.39,7.58-10.01,6.88-15.38,6.32-7.4-.77-4.72-4.19-5.81-9.16-1.92-8.8-7.34-15.55-16.7-16.99-4.72-.72-18.28,1.1-21.3-.41s-1.78-7.87,1.13-7.87h49.03v-32.94h-56.51c-3.44,0-3.23-8.23-.75-8.23h57.26v-32.94h-93.94c-5.04,0-5.04-8.98,0-8.98h26.57v-29.94h-17.59c-2.84,0-3.5-4.07-3.37-6.34.43-7.21,6.28-32.83,8.77-39.91,1.34-3.81,3.93-7.28,7.9-8.57,3.59-1.17,26.29-1.12,30.8-.51,5.58.76,8.71,4.87,10.28,9.93,3.9,12.55,4.97,27.17,8.84,39.89.7,1.82-1.74,5.51-3.33,5.51h-17.59ZM320.47,49.27l-7.68-35.36c-.38-.87-1.21-2.05-2.06-2.43-1.69-.75-22.76-.76-25.82-.4-1.44.17-2.69.39-3.71,1.53l-8.63,36.66h47.91ZM292.77,58.25v29.94h8.23v-29.94h-8.23ZM351.91,179.51h-11.23c2.15,2.8,4.3,5.65,5.6,8.99.73,1.87,1.61,7.9,1.91,8.19.35.32,2.83-.13,3.71.03v-17.22Z\"><\/path><circle class=\"cls-1\" cx=\"306.25\" cy=\"112.44\" r=\"4.26\"><\/circle><circle class=\"cls-1\" cx=\"306.25\" cy=\"155.84\" r=\"4.23\"><\/circle><\/g><\/g><\/g><\/svg><\/div><\/div><div class=\"elementor-widget-cmsmasters-featured-box__type-wrap elementor-widget-cmsmasters-featured-box__content-item\"><h4 class=\"elementor-widget-cmsmasters-featured-box__title elementor-widget-cmsmasters-featured-box__content-item\">Ystafelloedd<\/h4><div class=\"elementor-widget-cmsmasters-featured-box__button-wrapper elementor-widget-cmsmasters-featured-box__content-item\">\n\t\t\t<span class=\"elementor-widget-cmsmasters-featured-box__button elementor-widget-cmsmasters-featured-box__content-item cmsmasters-theme-button\">Gweld Ystafelloedd<\/span>\n\t\t\t<\/div><\/div>\n\t\t\t\t<\/div>\n\t\t\t<\/div>\n\t\t<\/a>\t\t\t\t<\/div>\n\t\t\t\t<\/div>\n\t\t\t\t<div class=\"elementor-element elementor-element-ee67dbe elementor-widget__width-inherit cmsmasters-featured-box__graphic-align-center cmsmasters-featured-box__graphic-position-column cmsmasters-featured-box__graphic-position-tablet-column cmsmasters-featured-box__graphic-position-mobile-column cmsmasters-featured-box__both cmsmasters-featured-box__text-valign-middle cmsmasters-block-default cmsmasters-sticky-default elementor-invisible elementor-widget elementor-widget-cmsmasters-featured-box\" data-id=\"ee67dbe\" data-element_type=\"widget\" data-e-type=\"widget\" data-settings=\"{&quot;_animation&quot;:&quot;fadeInUp&quot;}\" data-widget_type=\"cmsmasters-featured-box.default\">\n\t\t\t\t<div class=\"elementor-widget-container\">\n\t\t\t\t\t<a href=\"https:\/\/brooklands.credesgo.com\/professionals\/\" class=\"elementor-widget-cmsmasters-featured-box__wrapper\"><div class=\"elementor-widget-cmsmasters-featured-box__content\">\n\t\t\t\t<div class=\"elementor-widget-cmsmasters-featured-box__content-vertical-inner\"><div class=\"elementor-widget-cmsmasters-featured-box__graphic-wrapper elementor-widget-cmsmasters-featured-box__content-item elementor-widget-cmsmasters-featured-box__icon\"><h4 class=\"elementor-widget-cmsmasters-featured-box__title elementor-widget-cmsmasters-featured-box__content-item\">Gweithwyr Proffesiynol<\/h4><div class=\"elementor-widget-cmsmasters-featured-box__icon-wrap elementor-widget-cmsmasters-featured-box__graphic-item\"><svg xmlns=\"http:\/\/www.w3.org\/2000\/svg\" id=\"Layer_2\" data-name=\"Layer 2\" viewBox=\"0 0 478.4 478.35\"><defs><style>      .cls-1 {        fill: #21536f;      }    <\/style><\/defs><g id=\"Layer_1-2\" data-name=\"Layer 1\"><path class=\"cls-1\" d=\"M473.35,478.35h-6.53c-7.61-4.67-4.75-13.63-5.72-20.88-8.06-60.28-55.78-84.36-110.46-94.86-1.35.57-.06,1.77.27,2.53,3.56,8.06,13.08,18.38,3.29,25.33-3.84,2.73-26.42,12.08-27.22,13.37-1.05,8.71.87,18.87-.13,27.4-.81,6.91-6.07,7.22-11.44,9.09-21.85,7.63-45.4,12.58-67.36,20.18-1.46,6.69,1.43,13.36-5.22,17.84h-7.47c-6.65-4.48-3.76-11.14-5.22-17.84-21.95-7.6-45.5-12.54-67.36-20.18-5.37-1.88-10.63-2.19-11.44-9.09-1-8.53.92-18.69-.13-27.4-.8-1.29-23.38-10.64-27.22-13.37-9.81-6.96-.24-17.26,3.29-25.33.33-.76,1.63-1.96.27-2.53-48.92,8.48-100.68,33.56-109.37,87.54-1.54,9.59,1.12,22.25-6.8,28.19H.2c.46-7.27-.63-15.23,0-22.4,4.3-49.02,40.58-82.72,84.44-98.94,24.32-8.99,52.24-14.58,78.22-13.79,26.02,24.56,50.31,51.33,76.59,75.33l74.74-74.64c6.64-3.81,39.18,2.31,48.12,4.24,57.86,12.5,111.75,46.29,115.75,111.03.4,6.49,1.54,15.69-4.7,19.17ZM230.71,442.88c-.35-3.41,1.15-7.63-1.34-10.32l-72.79-72.78c-9.68-5.63-13.54,13.26-17.25,19.09.6,2.57,24.22,10.77,27.03,14.99,4.24,6.37.24,22.67,2.26,30.41l62.09,18.62ZM247.51,442.88l62.09-18.62c2.05-8.1-2.24-24.23,2.78-30.82,3.09-4.06,25.93-12.07,26.51-14.58-3.66-5.89-7.8-25.3-17.72-18.62-24.25,25.13-50.29,49.04-73.65,74.73l-.02,7.91Z\"><\/path><g><path class=\"cls-1\" d=\"M207.38,345.36c-1.17,5.44-10.17,7.81-14.05,3.53-5.07-5.59-1.79-23.62-2.74-31.06-25.86-2.8-52.52-11.63-75.29-24.1-6.75-3.7-20.16-11.51-25.53-16.47-15.63-14.46-9.26-54.39-6.36-73.59,5.89-39,17.2-77,27.46-114.95-1.94-9.34-16.46-33.95-15.46-41.91.34-2.68,2.25-4.51,4.34-5.99,7.04-5.02,22.45-12.03,30.77-15.89,78.88-36.54,158.58-32.29,234.6,8.71,4.96,2.68,17,7.68,17.7,13.17,1,7.96-13.53,32.59-15.46,41.91,10.17,37.98,21.56,75.94,27.46,114.95,2.86,18.93,8.46,54.7-3.74,70.61-4.44,5.79-21.16,15.63-28.14,19.45-22.77,12.47-49.42,21.3-75.29,24.1-1.06,8.09,4.63,36.13-10.29,33.24-2.07-.4-6.5-3.83-6.5-5.71v-26.6c-19.87,10.98-43.63,10.96-63.46,0-1.12,7.6,1.51,19.6,0,26.6ZM338.89,115.25l24.87-63.43C303.55,16.49,231.94,6.21,165.15,28.76c-17.68,5.97-34.66,14.44-50.88,23.53l25.55,63.1c48.55-20.45,102.98-24.12,154.53-13.78,15.51,3.11,29.77,8.25,44.55,13.64ZM356.71,114.39c-3.62,8.32-5.28,24.85-17.79,21.03-4.64-1.41-13.23-7.29-19.32-9.6-46.34-17.6-114.68-17.58-160.98,0-9.18,3.48-24.12,16.02-30.41,5.68l-7.61-17.11c-7.51,33.64-18.01,67.02-22.29,101.37-1.4,11.27-4.59,38.57,1.53,47.69,1.81,2.69,9.32,7.05,12.43,9.04,18.78,12.05,40.63,21.01,62.45,25.73-19.32-16.89-35.32-39.26-38.68-65.37-.99-1.45-8.33-1.77-10.61-2.45-24.51-7.42-30.54-39.67-10.45-55.83,9.99-8.04,39.39-10.54,53.4-13.79,36.98-8.58,73.5-21.16,106.44-40.07,3.91-1.3,6.15-1.21,9.55,1.15,6.77,4.7,16.51,18.2,23.78,24.75,6.83,6.15,20.18,17.22,28.74,19.79,6.02,1.81,10.87.89,17.25,3.28,26.08,9.79,27.57,47.3,2.45,58.93-4.82,2.23-9.62,2.32-14.39,4.28-3.4,26.14-19.45,48.34-38.7,65.35,19.92-4.17,39.08-12.01,56.62-22.23,3.56-2.07,16.16-9.48,18.06-12.05,6.35-8.55,3.08-37.24,1.72-48.19-2.7-21.72-8.55-43.07-13.02-64.44l-10.18-36.93ZM325.75,178.92c-19.57-8.69-33.55-25.65-48.83-40.02-38.97,20.03-81.07,35.49-124.61,41.74,1.56,19.73-3.24,43.24,2.77,62.09,8.9,27.9,47.82,63.8,77.28,67.37,34.86,4.22,80.58-35.45,90.76-67.37,6.09-19.1,1.29-43.75,2.62-63.81ZM135.52,184.37c-20.55.58-20.25,29.71,0,30.8v-30.8ZM342.7,215.17c20.25-1.09,20.55-30.22,0-30.8v30.8Z\"><\/path><path class=\"cls-1\" d=\"M211.77,255.5c6.51-1.93,10.8,3.49,16.57,5.44,7.74,2.61,14.51,2.58,22.22-.25,6.01-2.2,14.54-10.66,19.72-1.58,6.49,11.39-16.96,19.43-25.21,20.35-10.16,1.14-29.73-2.55-36.34-11.05-3.3-4.25-2.01-11.42,3.04-12.92Z\"><\/path><circle class=\"cls-1\" cx=\"191.31\" cy=\"199.63\" r=\"16.27\"><\/circle><circle class=\"cls-1\" cx=\"286.92\" cy=\"199.63\" r=\"16.27\"><\/circle><path class=\"cls-1\" d=\"M247.51,48.13c21.43-3.41,20.86,19.6,0,16.79,3.19,20.76-20.01,20.68-16.79,0-20.86,2.81-21.42-20.2,0-16.79-3.57-21.32,20.36-21.29,16.79,0Z\"><\/path><\/g><\/g><\/svg><\/div><\/div><div class=\"elementor-widget-cmsmasters-featured-box__type-wrap elementor-widget-cmsmasters-featured-box__content-item\"><h4 class=\"elementor-widget-cmsmasters-featured-box__title elementor-widget-cmsmasters-featured-box__content-item\">Gweithwyr Proffesiynol<\/h4><div class=\"elementor-widget-cmsmasters-featured-box__button-wrapper elementor-widget-cmsmasters-featured-box__content-item\">\n\t\t\t<span class=\"elementor-widget-cmsmasters-featured-box__button elementor-widget-cmsmasters-featured-box__content-item cmsmasters-theme-button\">Gweld Gweithwyr Proffesiynol<\/span>\n\t\t\t<\/div><\/div>\n\t\t\t\t<\/div>\n\t\t\t<\/div>\n\t\t<\/a>\t\t\t\t<\/div>\n\t\t\t\t<\/div>\n\t\t\t\t<div class=\"elementor-element elementor-element-436c3df elementor-widget__width-inherit cmsmasters-featured-box__graphic-align-center cmsmasters-featured-box__graphic-position-column cmsmasters-featured-box__graphic-position-tablet-column cmsmasters-featured-box__graphic-position-mobile-column cmsmasters-featured-box__both cmsmasters-featured-box__text-valign-middle cmsmasters-block-default cmsmasters-sticky-default elementor-invisible elementor-widget elementor-widget-cmsmasters-featured-box\" data-id=\"436c3df\" data-element_type=\"widget\" data-e-type=\"widget\" data-settings=\"{&quot;_animation&quot;:&quot;fadeInUp&quot;}\" data-widget_type=\"cmsmasters-featured-box.default\">\n\t\t\t\t<div class=\"elementor-widget-container\">\n\t\t\t\t\t<a href=\"https:\/\/brooklands.credesgo.com\/cuisine\/\" class=\"elementor-widget-cmsmasters-featured-box__wrapper\"><div class=\"elementor-widget-cmsmasters-featured-box__content\">\n\t\t\t\t<div class=\"elementor-widget-cmsmasters-featured-box__content-vertical-inner\"><div class=\"elementor-widget-cmsmasters-featured-box__graphic-wrapper elementor-widget-cmsmasters-featured-box__content-item elementor-widget-cmsmasters-featured-box__icon\"><h4 class=\"elementor-widget-cmsmasters-featured-box__title elementor-widget-cmsmasters-featured-box__content-item\">Coginio<\/h4><div class=\"elementor-widget-cmsmasters-featured-box__icon-wrap elementor-widget-cmsmasters-featured-box__graphic-item\"><svg xmlns=\"http:\/\/www.w3.org\/2000\/svg\" id=\"Layer_2\" data-name=\"Layer 2\" viewBox=\"0 0 383.44 278.75\"><defs><style>      .cls-1 {        fill: #21536f;      }    <\/style><\/defs><g id=\"Layer_1-2\" data-name=\"Layer 1\"><g><g><path class=\"cls-1\" d=\"M222.85,108.72c-3.77,3.76-9.68,1.32-10.29-3.89-1.41-12.14,1.37-27.55,16.08-28.87,17.27-1.55,38.6,2.22,55.36-.04,9.4-1.27,8.85-12.21,1.52-13.37-14.21-2.25-43.02,3.49-54.9-1.98-15.02-6.93-13.31-29.31,2.33-34.21,7.31-2.29,37.28-2.1,45.91-1.3,7.64.71,11.21,7.27,4.13,11.67l-45.15.51c-7.8,1.41-7.7,11.45-.13,13.25,15.44,1.14,32.68-1.37,47.9.01,22.24,2.02,22.54,33.85,2.15,36.64-16.42,2.25-37.58-1.4-54.6.04-15.48,1.31-4.48,15.72-10.29,21.52Z\"><\/path><path class=\"cls-1\" d=\"M315.37,10.63c-3.25-2.98-1.85-9.1,2.54-10.08,3.79-.85,26.95-.66,30.95.17,18.97,3.94,18.49,32.26-.6,36.17l-43.08.02c-5.79-1.96-5.5-9.52.34-11.32,12.55-2.27,28.47,1.36,40.63-.54,5.48-.86,6.74-8.6,2.65-11.54-5.31-3.81-28.39,1.74-33.43-2.88Z\"><\/path><\/g><g><path class=\"cls-1\" d=\"M0,225.7c1.13-4.08,8.24-11.23,12.35-11.23h25.08L17.97,18.73c.4-4.38,2.38-8.3,6.71-9.76h144.51c4.6,1.63,6.88,5.61,6.74,10.47l-10.5,102.96h209.96c2.47,0,6.48,3.72,7.28,6.19,2.35,7.2-1.32,24.51-3.38,32.15-9.11,33.73-33.96,63.09-65.54,77.8-1.12,1.79.63,26.56-.17,31.65-.56,3.53-3.79,7.6-7.39,8.34l-233.12.22c-19.41-2.42-36.08-14.24-44.62-31.73-11.54-.54-23.79.65-28.45-12.34v-8.98ZM163.93,20.6H29.94l3.74,35.19,76.68.04c4.8.51,6.28,7.13,3.21,10.23-.18.18-2.98,1.7-3.16,1.7H35.18l14.96,142.97c-2.27-5.24,9.53-12.43,9.75-13.26,1.15-4.32-.96-6.76,2.35-12.45,3.91-6.72,10-6.4,12.44-8.89.56-.57,1.43-4.67,2.28-6.33,2.05-4.04,6.13-7.63,10.45-9.01,2.18-.7,7.9-.85,8.28-1.08.27-.16,1.75-3.98,3.09-5.52,3.12-3.58,9.16-6.35,13.87-6.33,1.94,0,5.27,1.58,6.65,1.31.94-.19,3.51-3.49,5.17-4.47,4.67-2.76,11.29-3.82,16.24-1.34,1.46-2.02-4.35-12.65,3.38-18.71,3.33-2.61,5.58-1.93,9.39-2.73l5.2-54.16h-24.33c-.18,0-2.98-1.52-3.16-1.7-2.52-2.54-1.99-8.22,1.48-9.71,4.21-1.8,26.48.35,27.47-.6l3.78-35.14ZM371.27,134.38h-219.32l.75,8.23c6.04-1.93,12.78.63,17.24,4.84l198.71.4c.89-.05,1.48-.33,1.76-1.23.41-1.31,1.29-11.81.86-12.24ZM61.38,214.47h105.92c.59,0,2.85,1.96,3.28,2.7,2.55,4.4-1.05,8.71-5.6,9.21l-149.68.03c-5.7.77-4.62,7.38.83,8.23l258.22.06c7.31-.85,4.86-8.25,2.98-8.25h-86.08c-2.09,0-5.38-3.43-5.61-5.68s2.05-6.29,4.11-6.29h40.05c.45-7.52-10.06-5.82-11.67-11.21-1.07-3.57,3.1-7.41.36-12.29s-10.9-1.55-13.42-6.04c-2.05-3.65,1.22-8.13-3.32-11.65s-8.23.25-12.4-1.07c-5.43-1.72-3.07-13.49-12.24-12.37-3.68.45-4.46,3.99-9.64,2.81-5-1.13-3.77-9.15-11.37-8.88-4.5.16-5.94,5.64-9.82,6.04-4.82.5-6.82-6.03-11.91-6.03-6.44,0-7.07,7.81-10.64,8.87-5.09,1.52-7.43-3.56-12.38-2.7-7.11,1.24-4.35,9.4-8.51,11.75-4.09,2.31-8.11-1.61-13.17,1.06s-.64,10.25-5.03,13.68c-3.1,2.43-8.91-.56-12.05,4.41s1.56,8.78-.55,13.68c-1.68,3.89-11.7,3.11-10.66,9.92ZM366.78,159.83h-165.43l8.91,4.94c2.98,2.26,3.55,8.15,7.14,8.58l143.77-.03c1.07,0,1.25-.53,1.73-1.27.7-1.11,4.34-11.78,3.88-12.22ZM356.3,184.53h-128c3.42,3.54,2.03,9.72,3.11,12.98.18.55,5.92,4.97,7.24,6.98,2.01,3.05,2.59,6.37,3.19,9.9,1.4,1.19,31.31-.66,36.8.25,15.8,2.64,17.13,26.76.72,31.05-3.95,1.03-15.17.46-16.63,1.34-.86.52-5.32,8.6-6.76,10.46-2.68,3.47-6,6.21-8.97,9.37h54.64v-33.31c0-3.14,15.3-9.96,18.65-12.04,14.74-9.15,27.27-22.04,35.99-36.99ZM248.51,246.66H41.92c6.98,11.24,19.92,19.31,33.28,20.24,45.79,3.21,95.32-2.46,141.5-.05,11.07-1.44,22.12-6.99,29.21-15.7.55-.68,3.24-3.96,2.61-4.5Z\"><\/path><path class=\"cls-1\" d=\"M130.05,177.22c4.66-.83,14.77-.99,15.16,5.49.45,7.47-10.23,7.05-15.3,6.26-6.36-.99-7.02-10.47.13-11.75Z\"><\/path><path class=\"cls-1\" d=\"M183.9,190.75c2.91,3.18,1.29,8.69-2.72,9.91-5.88,1.79-18.32.93-15.6-8.12,1.45-4.83,15.7-4.66,18.32-1.79Z\"><\/path><path class=\"cls-1\" d=\"M92.6,193.67c2.34-.54,12.17-.52,13.99.66,3.16,2.04,2.87,8.3-.48,9.85-2.16,1-13.09.99-15.09-.27-3.22-2.03-2.78-9.24,1.58-10.24Z\"><\/path><\/g><\/g><\/g><\/svg><\/div><\/div><div class=\"elementor-widget-cmsmasters-featured-box__type-wrap elementor-widget-cmsmasters-featured-box__content-item\"><h4 class=\"elementor-widget-cmsmasters-featured-box__title elementor-widget-cmsmasters-featured-box__content-item\">Coginio<\/h4><div class=\"elementor-widget-cmsmasters-featured-box__button-wrapper elementor-widget-cmsmasters-featured-box__content-item\">\n\t\t\t<span class=\"elementor-widget-cmsmasters-featured-box__button elementor-widget-cmsmasters-featured-box__content-item cmsmasters-theme-button\">Gweld Bwyd<\/span>\n\t\t\t<\/div><\/div>\n\t\t\t\t<\/div>\n\t\t\t<\/div>\n\t\t<\/a>\t\t\t\t<\/div>\n\t\t\t\t<\/div>\n\t\t\t\t<\/div>\n\t\t\t\t\t<\/div>\n\t\t\t\t<\/div>\n\t\t\t\t<\/div>\n\t\t","protected":false},"excerpt":{"rendered":"<p>Ein Cyfleusterau Mae Brooklands yn gartref pwrpasol, modern, ac wedi&#8217;i gynllunio&#8217;n feddylgar, sy&#8217;n cynnig cyfleusterau o&#8217;r radd flaenaf wedi&#8217;u teilwra i ddiwallu anghenion amrywiol ein preswylwyr. Mae pob agwedd ar yr adeilad wedi&#8217;i chynllunio&#8217;n ofalus i ddarparu amgylchedd cyfforddus, diogel a chefnogol, gan ein helpu i ddarparu&#8217;r safon gofal uchaf tra hefyd yn annog annibyniaeth&#8230;<\/p>\n","protected":false},"author":1,"featured_media":0,"parent":0,"menu_order":0,"comment_status":"closed","ping_status":"closed","template":"","meta":{"_acf_changed":false,"footnotes":""},"class_list":["post-44398","page","type-page","status-publish","hentry"],"acf":[],"_links":{"self":[{"href":"https:\/\/brooklands.credesgo.com\/cy\/wp-json\/wp\/v2\/pages\/44398","targetHints":{"allow":["GET"]}}],"collection":[{"href":"https:\/\/brooklands.credesgo.com\/cy\/wp-json\/wp\/v2\/pages"}],"about":[{"href":"https:\/\/brooklands.credesgo.com\/cy\/wp-json\/wp\/v2\/types\/page"}],"author":[{"embeddable":true,"href":"https:\/\/brooklands.credesgo.com\/cy\/wp-json\/wp\/v2\/users\/1"}],"replies":[{"embeddable":true,"href":"https:\/\/brooklands.credesgo.com\/cy\/wp-json\/wp\/v2\/comments?post=44398"}],"version-history":[{"count":1,"href":"https:\/\/brooklands.credesgo.com\/cy\/wp-json\/wp\/v2\/pages\/44398\/revisions"}],"predecessor-version":[{"id":44399,"href":"https:\/\/brooklands.credesgo.com\/cy\/wp-json\/wp\/v2\/pages\/44398\/revisions\/44399"}],"wp:attachment":[{"href":"https:\/\/brooklands.credesgo.com\/cy\/wp-json\/wp\/v2\/media?parent=44398"}],"curies":[{"name":"wp","href":"https:\/\/api.w.org\/{rel}","templated":true}]}}