{"id":44404,"date":"2025-03-11T11:41:03","date_gmt":"2025-03-11T11:41:03","guid":{"rendered":"https:\/\/brooklands.credesgo.com\/adloniant\/"},"modified":"2025-05-08T11:23:56","modified_gmt":"2025-05-08T11:23:56","slug":"adloniant","status":"publish","type":"page","link":"https:\/\/brooklands.credesgo.com\/cy\/adloniant\/","title":{"rendered":"Adloniant"},"content":{"rendered":"\t\t<div data-elementor-type=\"wp-page\" data-elementor-id=\"44404\" class=\"elementor elementor-44404 elementor-43249\">\n\t\t\t\t<div class=\"elementor-element elementor-element-a4f53c3 e-con-full e-flex cmsmasters-bg-hide-none cmsmasters-bg-hide-none cmsmasters-block-default e-con e-parent\" data-id=\"a4f53c3\" data-element_type=\"container\" data-e-type=\"container\" data-settings=\"{&quot;background_background&quot;:&quot;classic&quot;}\">\n\t\t\t\t<\/div>\n\t\t<div class=\"elementor-element elementor-element-79ff74a5 e-flex e-con-boxed cmsmasters-block-default e-con e-parent\" data-id=\"79ff74a5\" data-element_type=\"container\" data-e-type=\"container\">\n\t\t\t\t\t<div class=\"e-con-inner\">\n\t\t\t\t<div class=\"elementor-element elementor-element-1ddec0e3 cmsmasters-block-default cmsmasters-sticky-default elementor-invisible elementor-widget elementor-widget-heading\" data-id=\"1ddec0e3\" data-element_type=\"widget\" data-e-type=\"widget\" data-settings=\"{&quot;_animation&quot;:&quot;fadeInUp&quot;}\" data-widget_type=\"heading.default\">\n\t\t\t\t<div class=\"elementor-widget-container\">\n\t\t\t\t\t<h2 class=\"elementor-heading-title elementor-size-default\">Gweithgareddau ac Adloniant yn Brooklands<\/h2>\t\t\t\t<\/div>\n\t\t\t\t<\/div>\n\t\t\t\t<div class=\"elementor-element elementor-element-3176a239 cmsmasters-block-default cmsmasters-sticky-default elementor-invisible elementor-widget elementor-widget-text-editor\" data-id=\"3176a239\" data-element_type=\"widget\" data-e-type=\"widget\" data-settings=\"{&quot;_animation&quot;:&quot;fadeInUp&quot;}\" data-widget_type=\"text-editor.default\">\n\t\t\t\t<div class=\"elementor-widget-container\">\n\t\t\t\t\t\t\t\t\t<p><span style=\"font-family: Arial, sans-serif;\">Yn Brooklands, rydym yn falch o gael Cydlynwyr Gweithgareddau llawn amser a rhan amser sy&#8217;n angerddol am greu amgylchedd bywiog a chynhwysol i bawb. Maent yn deall pa mor bwysig yw cynnig ystod eang o weithgareddau deniadol i weddu i ddiddordebau, chwaeth ac anghenion amrywiol ein holl drigolion.<\/span><\/p><p><span style=\"font-family: Arial, sans-serif;\">Boed yn arddio, peintio, neu grefftio, mae yna rywbeth bob amser i&#8217;r rhai sy&#8217;n mwynhau bod yn greadigol neu dreulio amser yn yr awyr agored. I&#8217;r rhai sydd \u00e2 synnwyr antur, rydym yn trefnu teithiau rheolaidd i draethau lleol hardd, cestyll hanesyddol, ac atyniadau thema gyffrous\u2014gan sicrhau bod rhywbeth i edrych ymlaen ato bob amser.<\/span><\/p><p><span style=\"font-family: Arial, sans-serif;\">Mae ein Cydlynwyr Gweithgareddau yn gwneud ymdrech ychwanegol i gefnogi preswylwyr i barhau \u00e2&#8217;u hob\u00efau a&#8217;u hamseroedd hamdden personol, gan gydnabod pa mor werthfawr yw&#8217;r diddordebau hyn wrth feithrin lles a hapusrwydd cyffredinol.<\/span><\/p><p><span style=\"font-family: Arial, sans-serif;\">Mae Brooklands hefyd yn cynnal rhaglen adloniant fywiog ac amrywiol. Mae cerddorion a chantorion talentog yn perfformio&#8217;n rheolaidd yn y Cartref, ac anogir dawnsio&#8217;n gynnes\u2014mae&#8217;n llawenydd sy&#8217;n cael ei rannu gan breswylwyr a staff fel ei gilydd! Rydym hefyd yn falch o groesawu ymweliadau misol gan yr eglwys leol i&#8217;r rhai sy&#8217;n dymuno ymarfer eu ffydd, ac o bryd i&#8217;w gilydd rydym yn cynnal corau ysgol a grwpiau cymunedol sy&#8217;n dod \u00e2 hyd yn oed mwy o lawenydd a chysylltiad i&#8217;n Cartref.<\/span><\/p><p><span style=\"font-family: Arial, sans-serif;\">Heb anghofio ein sesiynau therapi anifeiliaid anwes poblogaidd iawn\u2014lle gall preswylwyr fwynhau cwmni anifeiliaid therapi sydd wedi&#8217;u hyfforddi&#8217;n dda. Rydyn ni wedi croesawu popeth o g\u0175n cyfeillgar i alpacas, defaid, a hyd yn oed yr asyn achlysurol! Mae&#8217;r ymweliadau hyn bob amser yn dod \u00e2 gw\u00ean, yn sbarduno sgyrsiau, ac yn creu eiliadau gwirioneddol gofiadwy i bawb.<\/span><\/p><p><span style=\"font-family: Arial, sans-serif;\">Rydym hefyd yn deall gwerth gweithgareddau gr\u0175p llai, mwy agos atoch, ac yn ymdrechu i gynnig y rhain yn rheolaidd, gan sicrhau y gall pawb ddod o hyd i rywbeth maen nhw wir yn ei fwynhau mewn ffordd sy&#8217;n teimlo&#8217;n gyfforddus ac yn bersonol.<\/span><\/p><h5 style=\"text-align: center;\"><em><span style=\"font-family: Arial, sans-serif;\">Yn Brooklands, mae rhywbeth yn digwydd bob amser\u2014a rheswm i wenu bob amser.<\/span><\/em><\/h5>\t\t\t\t\t\t\t\t<\/div>\n\t\t\t\t<\/div>\n\t\t\t\t\t<\/div>\n\t\t\t\t<\/div>\n\t\t<div class=\"elementor-element elementor-element-7970d36c e-flex e-con-boxed cmsmasters-block-default e-con e-parent\" data-id=\"7970d36c\" data-element_type=\"container\" data-e-type=\"container\" data-settings=\"{&quot;background_background&quot;:&quot;classic&quot;}\">\n\t\t\t\t\t<div class=\"e-con-inner\">\n\t\t\t\t<div class=\"elementor-element elementor-element-5b2100d7 cmsmasters-block-default cmsmasters-sticky-default elementor-invisible elementor-widget elementor-widget-heading\" data-id=\"5b2100d7\" data-element_type=\"widget\" data-e-type=\"widget\" data-settings=\"{&quot;_animation&quot;:&quot;fadeInUp&quot;}\" data-widget_type=\"heading.default\">\n\t\t\t\t<div class=\"elementor-widget-container\">\n\t\t\t\t\t<h2 class=\"elementor-heading-title elementor-size-default\">Llesiant Ysbrydol<\/h2>\t\t\t\t<\/div>\n\t\t\t\t<\/div>\n\t\t\t\t<div class=\"elementor-element elementor-element-4d5136ea cmsmasters-block-default cmsmasters-sticky-default elementor-invisible elementor-widget elementor-widget-text-editor\" data-id=\"4d5136ea\" data-element_type=\"widget\" data-e-type=\"widget\" data-settings=\"{&quot;_animation&quot;:&quot;fadeInUp&quot;}\" data-widget_type=\"text-editor.default\">\n\t\t\t\t<div class=\"elementor-widget-container\">\n\t\t\t\t\t\t\t\t\t<p>Yn Brooklands cymerir gofal mawr i gynnig i&#8217;r rhai sydd \u00e2 ffydd ym mhob crefydd barhau i ymarfer fel y dymunant. Cynhelir gwasanaeth Eglwysig ar ddydd Gwener cyntaf bob mis. Mae&#8217;r Offeiriad Catholig lleol yn ymweld yn rheolaidd ac mae croeso i gynrychiolwyr o bob ffydd ac enwad fynychu er mwyn rhoi darpariaeth barchus i bawb sy&#8217;n byw yn y Cartref.<\/p>\t\t\t\t\t\t\t\t<\/div>\n\t\t\t\t<\/div>\n\t\t\t\t\t<\/div>\n\t\t\t\t<\/div>\n\t\t<div class=\"elementor-element elementor-element-7e247ecb e-flex e-con-boxed cmsmasters-block-default e-con e-parent\" data-id=\"7e247ecb\" data-element_type=\"container\" data-e-type=\"container\">\n\t\t\t\t\t<div class=\"e-con-inner\">\n\t\t\t\t<div class=\"elementor-element elementor-element-9a64e15 cmsmasters-block-default cmsmasters-sticky-default elementor-widget elementor-widget-cmsmasters-gallery\" data-id=\"9a64e15\" data-element_type=\"widget\" data-e-type=\"widget\" data-settings=\"{&quot;gallery_layout&quot;:&quot;grid&quot;,&quot;columns&quot;:3,&quot;image_hover_animation&quot;:&quot;grow&quot;,&quot;link_to&quot;:&quot;file&quot;,&quot;columns_tablet&quot;:2,&quot;columns_mobile&quot;:1,&quot;gap&quot;:{&quot;unit&quot;:&quot;px&quot;,&quot;size&quot;:10,&quot;sizes&quot;:[]},&quot;gap_widescreen&quot;:{&quot;unit&quot;:&quot;px&quot;,&quot;size&quot;:&quot;&quot;,&quot;sizes&quot;:[]},&quot;gap_tablet&quot;:{&quot;unit&quot;:&quot;px&quot;,&quot;size&quot;:10,&quot;sizes&quot;:[]},&quot;gap_mobile&quot;:{&quot;unit&quot;:&quot;px&quot;,&quot;size&quot;:10,&quot;sizes&quot;:[]},&quot;vertical_gap&quot;:{&quot;unit&quot;:&quot;px&quot;,&quot;size&quot;:&quot;&quot;,&quot;sizes&quot;:[]},&quot;vertical_gap_widescreen&quot;:{&quot;unit&quot;:&quot;px&quot;,&quot;size&quot;:&quot;&quot;,&quot;sizes&quot;:[]},&quot;vertical_gap_tablet&quot;:{&quot;unit&quot;:&quot;px&quot;,&quot;size&quot;:&quot;&quot;,&quot;sizes&quot;:[]},&quot;vertical_gap_mobile&quot;:{&quot;unit&quot;:&quot;px&quot;,&quot;size&quot;:&quot;&quot;,&quot;sizes&quot;:[]},&quot;aspect_ratio&quot;:&quot;3:2&quot;}\" data-widget_type=\"cmsmasters-gallery.default\">\n\t\t\t\t<div class=\"elementor-widget-container\">\n\t\t\t\t\t<div class=\"elementor-widget-cmsmasters-gallery__container\"><a class=\"e-gallery-item elementor-widget-cmsmasters-gallery__item elementor-widget-cmsmasters-gallery__animated-content\" data-elementor-lightbox-slideshow=\"9a64e15\" href=\"https:\/\/brooklands.credesgo.com\/wp-content\/uploads\/2025\/03\/ent02.jpg\"><div alt=\"\" class=\"e-gallery-image elementor-widget-cmsmasters-gallery__item-image\" data-thumbnail=\"https:\/\/brooklands.credesgo.com\/wp-content\/uploads\/2025\/03\/ent02.jpg\" data-width=\"400\" data-height=\"300\"><\/div><\/a><a class=\"e-gallery-item elementor-widget-cmsmasters-gallery__item elementor-widget-cmsmasters-gallery__animated-content\" data-elementor-lightbox-slideshow=\"9a64e15\" href=\"https:\/\/brooklands.credesgo.com\/wp-content\/uploads\/2025\/03\/ent01.jpg\"><div alt=\"\" class=\"e-gallery-image elementor-widget-cmsmasters-gallery__item-image\" data-thumbnail=\"https:\/\/brooklands.credesgo.com\/wp-content\/uploads\/2025\/03\/ent01.jpg\" data-width=\"400\" data-height=\"300\"><\/div><\/a><a class=\"e-gallery-item elementor-widget-cmsmasters-gallery__item elementor-widget-cmsmasters-gallery__animated-content\" data-elementor-lightbox-slideshow=\"9a64e15\" href=\"https:\/\/brooklands.credesgo.com\/wp-content\/uploads\/2025\/03\/ent03.jpg\"><div alt=\"\" class=\"e-gallery-image elementor-widget-cmsmasters-gallery__item-image\" data-thumbnail=\"https:\/\/brooklands.credesgo.com\/wp-content\/uploads\/2025\/03\/ent03.jpg\" data-width=\"400\" data-height=\"300\"><\/div><\/a><\/div>\t\t\t\t<\/div>\n\t\t\t\t<\/div>\n\t\t\t\t\t<\/div>\n\t\t\t\t<\/div>\n\t\t<div class=\"elementor-element elementor-element-8e0288a e-flex e-con-boxed cmsmasters-block-default e-con e-parent\" data-id=\"8e0288a\" data-element_type=\"container\" data-e-type=\"container\">\n\t\t\t\t\t<div class=\"e-con-inner\">\n\t\t\t\t\t<\/div>\n\t\t\t\t<\/div>\n\t\t\t\t<\/div>\n\t\t","protected":false},"excerpt":{"rendered":"<p>Gweithgareddau ac Adloniant yn Brooklands Yn Brooklands, rydym yn falch o gael Cydlynwyr Gweithgareddau llawn amser a rhan amser sy&#8217;n angerddol am greu amgylchedd bywiog a chynhwysol i bawb. Maent yn deall pa mor bwysig yw cynnig ystod eang o weithgareddau deniadol i weddu i ddiddordebau, chwaeth ac anghenion amrywiol ein holl drigolion. Boed yn&#8230;<\/p>\n","protected":false},"author":1,"featured_media":0,"parent":0,"menu_order":0,"comment_status":"closed","ping_status":"closed","template":"","meta":{"_acf_changed":false,"footnotes":""},"class_list":["post-44404","page","type-page","status-publish","hentry"],"acf":[],"_links":{"self":[{"href":"https:\/\/brooklands.credesgo.com\/cy\/wp-json\/wp\/v2\/pages\/44404","targetHints":{"allow":["GET"]}}],"collection":[{"href":"https:\/\/brooklands.credesgo.com\/cy\/wp-json\/wp\/v2\/pages"}],"about":[{"href":"https:\/\/brooklands.credesgo.com\/cy\/wp-json\/wp\/v2\/types\/page"}],"author":[{"embeddable":true,"href":"https:\/\/brooklands.credesgo.com\/cy\/wp-json\/wp\/v2\/users\/1"}],"replies":[{"embeddable":true,"href":"https:\/\/brooklands.credesgo.com\/cy\/wp-json\/wp\/v2\/comments?post=44404"}],"version-history":[{"count":1,"href":"https:\/\/brooklands.credesgo.com\/cy\/wp-json\/wp\/v2\/pages\/44404\/revisions"}],"predecessor-version":[{"id":44407,"href":"https:\/\/brooklands.credesgo.com\/cy\/wp-json\/wp\/v2\/pages\/44404\/revisions\/44407"}],"wp:attachment":[{"href":"https:\/\/brooklands.credesgo.com\/cy\/wp-json\/wp\/v2\/media?parent=44404"}],"curies":[{"name":"wp","href":"https:\/\/api.w.org\/{rel}","templated":true}]}}