{"id":44412,"date":"2025-03-11T11:37:32","date_gmt":"2025-03-11T11:37:32","guid":{"rendered":"https:\/\/brooklands.credesgo.com\/gweithwyr-proffesiynol\/"},"modified":"2025-05-08T11:23:57","modified_gmt":"2025-05-08T11:23:57","slug":"gweithwyr-proffesiynol","status":"publish","type":"page","link":"https:\/\/brooklands.credesgo.com\/cy\/gweithwyr-proffesiynol\/","title":{"rendered":"Gweithwyr Proffesiynol"},"content":{"rendered":"\t\t<div data-elementor-type=\"wp-page\" data-elementor-id=\"44412\" class=\"elementor elementor-44412 elementor-43241\">\n\t\t\t\t<div class=\"elementor-element elementor-element-be3d561 e-con-full e-flex cmsmasters-bg-hide-none cmsmasters-bg-hide-none cmsmasters-block-default e-con e-parent\" data-id=\"be3d561\" data-element_type=\"container\" data-e-type=\"container\" data-settings=\"{&quot;background_background&quot;:&quot;classic&quot;}\">\n\t\t\t\t<\/div>\n\t\t<div class=\"elementor-element elementor-element-c7abdc8 e-flex e-con-boxed cmsmasters-block-default e-con e-parent\" data-id=\"c7abdc8\" data-element_type=\"container\" data-e-type=\"container\">\n\t\t\t\t\t<div class=\"e-con-inner\">\n\t\t\t\t<div class=\"elementor-element elementor-element-b04bff5 cmsmasters-block-default cmsmasters-sticky-default elementor-invisible elementor-widget elementor-widget-heading\" data-id=\"b04bff5\" data-element_type=\"widget\" data-e-type=\"widget\" data-settings=\"{&quot;_animation&quot;:&quot;fadeInUp&quot;}\" data-widget_type=\"heading.default\">\n\t\t\t\t<div class=\"elementor-widget-container\">\n\t\t\t\t\t<h2 class=\"elementor-heading-title elementor-size-default\">Gofal Proffesiynol<\/h2>\t\t\t\t<\/div>\n\t\t\t\t<\/div>\n\t\t\t\t<div class=\"elementor-element elementor-element-a18c528 cmsmasters-block-default cmsmasters-sticky-default elementor-invisible elementor-widget elementor-widget-text-editor\" data-id=\"a18c528\" data-element_type=\"widget\" data-e-type=\"widget\" data-settings=\"{&quot;_animation&quot;:&quot;fadeInUp&quot;}\" data-widget_type=\"text-editor.default\">\n\t\t\t\t<div class=\"elementor-widget-container\">\n\t\t\t\t\t\t\t\t\t<p><span style=\"font-family: Arial, sans-serif;\">Yn Brooklands, mae ein t\u00eem o Nyrsys profiadol yn dod \u00e2 chyfoeth o wybodaeth o amrywiaeth o gefndiroedd clinigol, gan gynnwys gofal arbenigol i unigolion sy&#8217;n byw gyda dementia. Mae ein t\u00eem nyrsio ymroddedig wrth law 24\/7, yn monitro iechyd preswylwyr yn agos ac yn cynnig cefnogaeth ac arweiniad dyddiol i&#8217;n staff gofal. Rydym yn falch o ddarparu mynediad at ystod eang o wasanaethau proffesiynol i hyrwyddo lles cyffredinol pob preswylydd.    <\/span><\/p><p><span style=\"font-family: Arial, sans-serif;\">Mae ymweliadau rheolaidd gan bodiatrydd, reflexolegydd, a thriniwr gwallt yn helpu preswylwyr i aros yn gyfforddus, yn hamddenol, ac yn teimlo ar eu gorau.<\/span><\/p><p><span style=\"font-family: Arial, sans-serif;\">Mae ein t\u00eem gofal ymroddedig a phrofiadol yn gweithio&#8217;n ddiflino i gefnogi lles pob preswylydd, bob amser gydag urddas, tosturi, a chyffyrddiad personol\u2014boed drwy ofal sylwgar neu sgyrsiau bob dydd. Mae ein t\u00eem wedi ymrwymo i ddysgu&#8217;n barhaus, gan gymryd rhan yn rheolaidd mewn cyrsiau gloywi a hyfforddiant arbenigol i aros yn gyfredol \u00e2&#8217;r arferion gorau. Mae&#8217;r datblygiad parhaus hwn yn ein helpu i ddarparu&#8217;r gofal a&#8217;r gefnogaeth o&#8217;r ansawdd uchaf i&#8217;n preswylwyr bob dydd. <\/span><\/p><p><span style=\"font-family: Arial, sans-serif;\">Mae ein t\u00eem yn ymestyn y tu hwnt i staff gofal a nyrsio i gynnwys ein timau cadw t\u0177, cegin, golchi dillad a chynnal a chadw ymroddedig. Er efallai nad ydyn nhw&#8217;n ymwneud yn uniongyrchol \u00e2 gofal personol, maen nhw&#8217;n chwarae rhan hanfodol ym mywyd beunyddiol Brooklands\u2014gan ryngweithio&#8217;n rheolaidd \u00e2 phreswylwyr a helpu i greu&#8217;r amgylchedd cynnes, teuluol yr ydym mor falch ohono. Mae&#8217;n lle lle mae pob preswylydd yn cael ei adnabod, ei werthfawrogi, a&#8217;i wneud i deimlo&#8217;n gartrefol.  <\/span><\/p><p><span style=\"font-family: Arial, sans-serif;\">Mae ein Cydlynwyr Gweithgareddau llawn amser yn chwarae rhan hanfodol wrth alluogi ac annog preswylwyr i gymryd rhan mewn amrywiaeth gyfoethog o weithgareddau ystyrlon, gan gefnogi lles meddyliol a chorfforol.<\/span><\/p><p><span style=\"font-family: Arial, sans-serif;\">Rydym hefyd yn elwa o gefnogaeth ragorol gan weithwyr gofal iechyd proffesiynol lleol. Rydym yn gweithio&#8217;n agos gyda meddygon teulu, nyrsys seiciatrig cymunedol (CPNs), ac amrywiaeth o arbenigwyr eraill i sicrhau bod pob angen gofal iechyd yn cael sylw prydlon ac yn drylwyr. Mae ein perthnasoedd gwaith rhagorol gyda&#8217;r gweithwyr proffesiynol hyn yn ein galluogi i ymateb yn gyflym ac yn effeithiol, gan hyrwyddo&#8217;r canlyniadau iechyd gorau posibl i bob unigolyn.  <\/span><\/p><h5 style=\"text-align: center;\"><em><span style=\"font-family: Arial, sans-serif;\">Yn Brooklands, iechyd a lles ein preswylwyr yw ein blaenoriaeth bob amser\u2014ac rydym wedi ymrwymo i ddarparu gofal tosturiol a chynhwysfawr ym mhob cam.<\/span><\/em><\/h5>\t\t\t\t\t\t\t\t<\/div>\n\t\t\t\t<\/div>\n\t\t\t\t\t<\/div>\n\t\t\t\t<\/div>\n\t\t<div class=\"elementor-element elementor-element-f26b271 e-flex e-con-boxed cmsmasters-block-default e-con e-parent\" data-id=\"f26b271\" data-element_type=\"container\" data-e-type=\"container\" data-settings=\"{&quot;background_background&quot;:&quot;classic&quot;}\">\n\t\t\t\t\t<div class=\"e-con-inner\">\n\t\t\t\t<div class=\"elementor-element elementor-element-f7d912d cmsmasters-block-default cmsmasters-sticky-default elementor-invisible elementor-widget elementor-widget-heading\" data-id=\"f7d912d\" data-element_type=\"widget\" data-e-type=\"widget\" data-settings=\"{&quot;_animation&quot;:&quot;fadeInUp&quot;}\" data-widget_type=\"heading.default\">\n\t\t\t\t<div class=\"elementor-widget-container\">\n\t\t\t\t\t<h2 class=\"elementor-heading-title elementor-size-default\">Cefnogi Teuluoedd<\/h2>\t\t\t\t<\/div>\n\t\t\t\t<\/div>\n\t\t\t\t<div class=\"elementor-element elementor-element-317e21d cmsmasters-block-default cmsmasters-sticky-default elementor-invisible elementor-widget elementor-widget-text-editor\" data-id=\"317e21d\" data-element_type=\"widget\" data-e-type=\"widget\" data-settings=\"{&quot;_animation&quot;:&quot;fadeInUp&quot;}\" data-widget_type=\"text-editor.default\">\n\t\t\t\t<div class=\"elementor-widget-container\">\n\t\t\t\t\t\t\t\t\t<p>Rydym yn falch iawn o&#8217;n Gr\u0175p Cymorth i Berthnasau, yr ydym yn ei redeg ar gyfer Perthnasau a Ffrindiau ein Preswylwyr. Mae&#8217;r Gr\u0175p yn cyfarfod bob deufis. Rydym yn deall yn iawn y cymorth a&#8217;r gefnogaeth y gellir ei chael trwy&#8217;r cyfle hwn i rannu profiadau ein gilydd a chefnogi ein gilydd mewn cyfnodau a all fod yn heriol iawn.  <\/p>\t\t\t\t\t\t\t\t<\/div>\n\t\t\t\t<\/div>\n\t\t\t\t\t<\/div>\n\t\t\t\t<\/div>\n\t\t<div class=\"elementor-element elementor-element-ad0f2e8 e-flex e-con-boxed cmsmasters-block-default e-con e-parent\" data-id=\"ad0f2e8\" data-element_type=\"container\" data-e-type=\"container\">\n\t\t\t\t\t<div class=\"e-con-inner\">\n\t\t\t\t<div class=\"elementor-element elementor-element-6b896fc cmsmasters-block-default cmsmasters-sticky-default elementor-invisible elementor-widget elementor-widget-heading\" data-id=\"6b896fc\" data-element_type=\"widget\" data-e-type=\"widget\" data-settings=\"{&quot;_animation&quot;:&quot;fadeInUp&quot;}\" data-widget_type=\"heading.default\">\n\t\t\t\t<div class=\"elementor-widget-container\">\n\t\t\t\t\t<h2 class=\"elementor-heading-title elementor-size-default\">Ein Hymrwymiad i Ansawdd<\/h2>\t\t\t\t<\/div>\n\t\t\t\t<\/div>\n\t\t\t\t<div class=\"elementor-element elementor-element-8348ec4 cmsmasters-block-default cmsmasters-sticky-default elementor-invisible elementor-widget elementor-widget-text-editor\" data-id=\"8348ec4\" data-element_type=\"widget\" data-e-type=\"widget\" data-settings=\"{&quot;_animation&quot;:&quot;fadeInUp&quot;}\" data-widget_type=\"text-editor.default\">\n\t\t\t\t<div class=\"elementor-widget-container\">\n\t\t\t\t\t\t\t\t\t<p>Er mwyn cynnal ein safon uchel o ofal, mae gennym archwiliad blynyddol, lle gofynnwn i&#8217;n holl Breswylwyr, os yw&#8217;n briodol, Perthnasau Preswylwyr a gweithwyr proffesiynol cefnogol i gwblhau holiadur ar sawl agwedd ar y Cartref gan ein bod yn deall gwerth adborth. Mae gennym bolisi drws agored hefyd, gan ein bod bob amser yn hapus i drafod unrhyw fater cyn gynted \u00e2 phosibl. <\/p>\t\t\t\t\t\t\t\t<\/div>\n\t\t\t\t<\/div>\n\t\t\t\t\t<\/div>\n\t\t\t\t<\/div>\n\t\t\t\t<\/div>\n\t\t","protected":false},"excerpt":{"rendered":"<p>Gofal Proffesiynol Yn Brooklands, mae ein t\u00eem o Nyrsys profiadol yn dod \u00e2 chyfoeth o wybodaeth o amrywiaeth o gefndiroedd clinigol, gan gynnwys gofal arbenigol i unigolion sy&#8217;n byw gyda dementia. Mae ein t\u00eem nyrsio ymroddedig wrth law 24\/7, yn monitro iechyd preswylwyr yn agos ac yn cynnig cefnogaeth ac arweiniad dyddiol i&#8217;n staff gofal&#8230;.<\/p>\n","protected":false},"author":1,"featured_media":0,"parent":0,"menu_order":0,"comment_status":"closed","ping_status":"closed","template":"","meta":{"_acf_changed":false,"footnotes":""},"class_list":["post-44412","page","type-page","status-publish","hentry"],"acf":[],"_links":{"self":[{"href":"https:\/\/brooklands.credesgo.com\/cy\/wp-json\/wp\/v2\/pages\/44412","targetHints":{"allow":["GET"]}}],"collection":[{"href":"https:\/\/brooklands.credesgo.com\/cy\/wp-json\/wp\/v2\/pages"}],"about":[{"href":"https:\/\/brooklands.credesgo.com\/cy\/wp-json\/wp\/v2\/types\/page"}],"author":[{"embeddable":true,"href":"https:\/\/brooklands.credesgo.com\/cy\/wp-json\/wp\/v2\/users\/1"}],"replies":[{"embeddable":true,"href":"https:\/\/brooklands.credesgo.com\/cy\/wp-json\/wp\/v2\/comments?post=44412"}],"version-history":[{"count":1,"href":"https:\/\/brooklands.credesgo.com\/cy\/wp-json\/wp\/v2\/pages\/44412\/revisions"}],"predecessor-version":[{"id":44416,"href":"https:\/\/brooklands.credesgo.com\/cy\/wp-json\/wp\/v2\/pages\/44412\/revisions\/44416"}],"wp:attachment":[{"href":"https:\/\/brooklands.credesgo.com\/cy\/wp-json\/wp\/v2\/media?parent=44412"}],"curies":[{"name":"wp","href":"https:\/\/api.w.org\/{rel}","templated":true}]}}